{"id":9982,"date":"2025-07-19T11:34:54","date_gmt":"2025-07-19T08:34:54","guid":{"rendered":"https:\/\/vnb.lt\/?page_id=9982"},"modified":"2025-08-25T17:34:02","modified_gmt":"2025-08-25T14:34:02","slug":"monitoring","status":"publish","type":"page","link":"https:\/\/vnb.lt\/en\/monitoring\/","title":{"rendered":"Monitoring"},"content":{"rendered":"<div data-elementor-type=\"wp-page\" data-elementor-id=\"9982\" class=\"elementor elementor-9982\">\n\t\t\t\t<div class=\"elementor-element elementor-element-0cb9148 e-con-full e-flex e-con e-parent\" data-id=\"0cb9148\" data-element_type=\"container\" data-e-type=\"container\" data-settings=\"{&quot;background_background&quot;:&quot;classic&quot;}\">\n\t\t\t\t<div class=\"elementor-element elementor-element-d0820dd page_title elementor-widget elementor-widget-page_title_widget\" data-id=\"d0820dd\" data-element_type=\"widget\" data-e-type=\"widget\" data-widget_type=\"page_title_widget.default\">\n\t\t\t\t<div class=\"elementor-widget-container\">\n\t\t\t\t\t<h1 class=\"page-title-widget\">Monitoring<\/h1>\t\t\t\t<\/div>\n\t\t\t\t<\/div>\n\t\t\t\t<div class=\"elementor-element elementor-element-734c7b5 elementor-widget elementor-widget-heading\" data-id=\"734c7b5\" data-element_type=\"widget\" data-e-type=\"widget\" data-widget_type=\"heading.default\">\n\t\t\t\t<div class=\"elementor-widget-container\">\n\t\t\t\t\t<p class=\"elementor-heading-title elementor-size-default\">Photo: Aneta Urbonait\u0117<\/p>\t\t\t\t<\/div>\n\t\t\t\t<\/div>\n\t\t\t\t<\/div>\n\t\t<div class=\"elementor-element elementor-element-29d29c0 e-flex e-con-boxed e-con e-parent\" data-id=\"29d29c0\" data-element_type=\"container\" data-e-type=\"container\">\n\t\t\t\t\t<div class=\"e-con-inner\">\n\t\t\t\t<div class=\"elementor-element elementor-element-ae11e44 elementor-widget elementor-widget-text-editor\" data-id=\"ae11e44\" data-element_type=\"widget\" data-e-type=\"widget\" data-widget_type=\"text-editor.default\">\n\t\t\t\t<div class=\"elementor-widget-container\">\n\t\t\t\t\t\t\t\t\t<p>Collecting data on nightlife and the economy is essential to understanding the impact of this sector on cities and their communities. Nightlife generates significant revenue, creates jobs, enhances cultural vitality, and promotes tourism, but these benefits are often underestimated due to a lack of data.<\/p><p>By collecting data on visitor flows, economic contribution, safety, and environmental impact, we can develop more informed policies, manage resources more effectively, and ensure a balance between the interests of residents and businesses. Until now, data on this sector has rarely been collected because the night-time economy has traditionally been considered a secondary or informal part of city life. In addition, there was a lack of methodologies and resources for analyzing this dynamic and multifaceted area. With changing urban management priorities and the growing importance of nightlife to the economy, data collection is becoming not only relevant but also necessary for effective decision-making.<\/p><p>While preparations for this major step are underway, we invite you to familiarize yourself with the data already available from two important 2024 surveys involving Vilnius residents and nighttime economy professionals. These surveys reveal the attitudes, experiences, and needs of the local community and provide valuable information about the challenges and potential of the business sector. This is the first step in establishing a dialogue between all stakeholders and ensuring that future decisions are based on real data and a balance of all interests.<\/p>\t\t\t\t\t\t\t\t<\/div>\n\t\t\t\t<\/div>\n\t\t\t\t\t<\/div>\n\t\t\t\t<\/div>\n\t\t<div class=\"elementor-element elementor-element-91f3ef8 e-flex e-con-boxed e-con e-parent\" data-id=\"91f3ef8\" data-element_type=\"container\" data-e-type=\"container\">\n\t\t\t\t\t<div class=\"e-con-inner\">\n\t\t<div class=\"elementor-element elementor-element-4dee5b2 e-con-full e-flex e-con e-child\" data-id=\"4dee5b2\" data-element_type=\"container\" data-e-type=\"container\" data-settings=\"{&quot;background_background&quot;:&quot;classic&quot;}\">\n\t\t\t\t<div class=\"elementor-element elementor-element-6b72739 elementor-widget elementor-widget-heading\" data-id=\"6b72739\" data-element_type=\"widget\" data-e-type=\"widget\" data-widget_type=\"heading.default\">\n\t\t\t\t<div class=\"elementor-widget-container\">\n\t\t\t\t\t<h3 class=\"elementor-heading-title elementor-size-default\">Survey of Vilnius city residents<\/h3>\t\t\t\t<\/div>\n\t\t\t\t<\/div>\n\t\t\t\t<div class=\"elementor-element elementor-element-20696c2 elementor-align-justify elementor-widget elementor-widget-button\" data-id=\"20696c2\" data-element_type=\"widget\" data-e-type=\"widget\" data-widget_type=\"button.default\">\n\t\t\t\t<div class=\"elementor-widget-container\">\n\t\t\t\t\t\t\t\t\t<div class=\"elementor-button-wrapper\">\n\t\t\t\t\t<a class=\"elementor-button elementor-button-link elementor-size-sm\" href=\"https:\/\/vnb.lt\/wp-content\/uploads\/2025\/07\/Ataskaita-Naktinis-Vilnius-202409.pdf\" target=\"_blank\">\n\t\t\t\t\t\t<span class=\"elementor-button-content-wrapper\">\n\t\t\t\t\t\t<span class=\"elementor-button-icon\">\n\t\t\t\t<svg xmlns=\"http:\/\/www.w3.org\/2000\/svg\" width=\"32\" height=\"33\" viewbox=\"0 0 32 33\" fill=\"none\"><rect y=\"0.947632\" width=\"32\" height=\"32\" rx=\"16\" fill=\"white\"><\/rect><path d=\"M23.7071 17.6547C24.0976 17.2642 24.0976 16.631 23.7071 16.2405L17.3431 9.87656C16.9526 9.48604 16.3195 9.48604 15.9289 9.87656C15.5384 10.2671 15.5384 10.9003 15.9289 11.2908L21.5858 16.9476L15.9289 22.6045C15.5384 22.995 15.5384 23.6282 15.9289 24.0187C16.3195 24.4092 16.9526 24.4092 17.3431 24.0187L23.7071 17.6547ZM8 17.9476H23V15.9476H8V17.9476Z\" fill=\"black\"><\/path><\/svg>\t\t\t<\/span>\n\t\t\t\t\t\t\t\t\t<span class=\"elementor-button-text\">See more<\/span>\n\t\t\t\t\t<\/span>\n\t\t\t\t\t<\/a>\n\t\t\t\t<\/div>\n\t\t\t\t\t\t\t\t<\/div>\n\t\t\t\t<\/div>\n\t\t\t\t<\/div>\n\t\t\t\t\t<\/div>\n\t\t\t\t<\/div>\n\t\t<div class=\"elementor-element elementor-element-1077458 e-flex e-con-boxed e-con e-parent\" data-id=\"1077458\" data-element_type=\"container\" data-e-type=\"container\" data-settings=\"{&quot;background_background&quot;:&quot;classic&quot;}\">\n\t\t\t\t\t<div class=\"e-con-inner\">\n\t\t<div class=\"elementor-element elementor-element-129f717 e-con-full e-flex e-con e-child\" data-id=\"129f717\" data-element_type=\"container\" data-e-type=\"container\">\n\t\t\t\t<div class=\"elementor-element elementor-element-7c019c7d elementor-widget elementor-widget-heading\" data-id=\"7c019c7d\" data-element_type=\"widget\" data-e-type=\"widget\" data-widget_type=\"heading.default\">\n\t\t\t\t<div class=\"elementor-widget-container\">\n\t\t\t\t\t<h2 class=\"elementor-heading-title elementor-size-default\">Let&#039;s Connect<\/h2>\t\t\t\t<\/div>\n\t\t\t\t<\/div>\n\t\t\t\t<div class=\"elementor-element elementor-element-6ef9ea3 elementor-widget elementor-widget-text-editor\" data-id=\"6ef9ea3\" data-element_type=\"widget\" data-e-type=\"widget\" data-widget_type=\"text-editor.default\">\n\t\t\t\t<div class=\"elementor-widget-container\">\n\t\t\t\t\t\t\t\t\t<p><span style=\"font-weight: 400;\">We invite you to discuss the topic of the nighttime economy. <\/span><span style=\"font-weight: 400;\">Submit your questions, reports, and suggestions.<\/span><\/p>\t\t\t\t\t\t\t\t<\/div>\n\t\t\t\t<\/div>\n\t\t\t\t<\/div>\n\t\t<div class=\"elementor-element elementor-element-6535387e e-con-full e-flex e-con e-child\" data-id=\"6535387e\" data-element_type=\"container\" data-e-type=\"container\">\n\t\t\t\t<div class=\"elementor-element elementor-element-2715f5ec elementor-widget elementor-widget-shortcode\" data-id=\"2715f5ec\" data-element_type=\"widget\" data-e-type=\"widget\" data-widget_type=\"shortcode.default\">\n\t\t\t\t<div class=\"elementor-widget-container\">\n\t\t\t\t\t\t\t<div class=\"elementor-shortcode\">\n<div class=\"wpcf7 no-js\" id=\"wpcf7-f7003-o1\" lang=\"en-US\" dir=\"ltr\" data-wpcf7-id=\"7003\">\n<div class=\"screen-reader-response\"><p role=\"status\" aria-live=\"polite\" aria-atomic=\"true\"><\/p> <ul><\/ul><\/div>\n<form action=\"\/en\/wp-json\/wp\/v2\/pages\/9982#wpcf7-f7003-o1\" method=\"post\" class=\"wpcf7-form init\" aria-label=\"Contact form\" novalidate=\"novalidate\" data-status=\"init\" data-trp-original-action=\"\/en\/wp-json\/wp\/v2\/pages\/9982#wpcf7-f7003-o1\">\n<fieldset class=\"hidden-fields-container\"><input type=\"hidden\" name=\"_wpcf7\" value=\"7003\" \/><input type=\"hidden\" name=\"_wpcf7_version\" value=\"6.1.5\" \/><input type=\"hidden\" name=\"_wpcf7_locale\" value=\"en_US\" \/><input type=\"hidden\" name=\"_wpcf7_unit_tag\" value=\"wpcf7-f7003-o1\" \/><input type=\"hidden\" name=\"_wpcf7_container_post\" value=\"0\" \/><input type=\"hidden\" name=\"_wpcf7_posted_data_hash\" value=\"\" \/><input type=\"hidden\" name=\"_wpcf7_recaptcha_response\" value=\"\" \/>\n<\/fieldset>\n<div class=\"contact-form\">\n\t<div class=\"form-row\">\n\t\t<div class=\"input-wrapper first-name\">\n\t\t\t<p><span class=\"wpcf7-form-control-wrap\" data-name=\"text-565\"><input size=\"40\" maxlength=\"400\" class=\"wpcf7-form-control wpcf7-text wpcf7-validates-as-required\" aria-required=\"true\" aria-invalid=\"false\" placeholder=\"Name\" value=\"\" type=\"text\" name=\"text-565\" \/><\/span>\n\t\t\t<\/p>\n\t\t<\/div>\n\t\t<div class=\"input-wrapper last-name\">\n\t\t\t<p><span class=\"wpcf7-form-control-wrap\" data-name=\"text-215\"><input size=\"40\" maxlength=\"400\" class=\"wpcf7-form-control wpcf7-text\" aria-invalid=\"false\" placeholder=\"Surname\" value=\"\" type=\"text\" name=\"text-215\" \/><\/span>\n\t\t\t<\/p>\n\t\t<\/div>\n\t<\/div>\n\t<div class=\"form-row\">\n\t\t<div class=\"input-wrapper email\">\n\t\t\t<p><span class=\"wpcf7-form-control-wrap\" data-name=\"email\"><input size=\"40\" maxlength=\"400\" class=\"wpcf7-form-control wpcf7-email wpcf7-validates-as-required wpcf7-text wpcf7-validates-as-email\" aria-required=\"true\" aria-invalid=\"false\" placeholder=\"Email address\" value=\"\" type=\"email\" name=\"email\" \/><\/span>\n\t\t\t<\/p>\n\t\t<\/div>\n\t\t<div class=\"input-wrapper phone\">\n\t\t\t<p><span class=\"wpcf7-form-control-wrap\" data-name=\"phone\"><input size=\"40\" maxlength=\"400\" class=\"wpcf7-form-control wpcf7-tel wpcf7-text wpcf7-validates-as-tel\" aria-invalid=\"false\" placeholder=\"Phone number\" value=\"\" type=\"tel\" name=\"phone\" \/><\/span>\n\t\t\t<\/p>\n\t\t<\/div>\n\t<\/div>\n\t<div class=\"textarea-wrapper\">\n\t\t<p><span class=\"wpcf7-form-control-wrap\" data-name=\"message\"><textarea cols=\"40\" rows=\"10\" maxlength=\"2000\" class=\"wpcf7-form-control wpcf7-textarea\" aria-invalid=\"false\" placeholder=\"Message\" name=\"message\"><\/textarea><\/span>\n\t\t<\/p>\n\t<\/div>\n\t<div class=\"button-wrapper\">\n\t\t<p><button type=\"submit\" class=\"wpcf7-submit contactForm_submit\"> Send <svg width=\"32\" height=\"32\" viewbox=\"0 0 32 32\" fill=\"none\" xmlns=\"http:\/\/www.w3.org\/2000\/svg\">\n<rect width=\"32\" height=\"32\" rx=\"16\" fill=\"#020310\"\/>\n<path d=\"M23.7071 16.7071C24.0976 16.3166 24.0976 15.6834 23.7071 15.2929L17.3431 8.92893C16.9526 8.53841 16.3195 8.53841 15.9289 8.92893C15.5384 9.31946 15.5384 9.95262 15.9289 10.3431L21.5858 16L15.9289 21.6569C15.5384 22.0474 15.5384 22.6805 15.9289 23.0711C16.3195 23.4616 16.9526 23.4616 17.3431 23.0711L23.7071 16.7071ZM8 17H23V15H8V17Z\" fill=\"#BCF030\"\/>\n<\/svg><\/button>\n\t\t<\/p>\n\t<\/div>\n<\/div><div class=\"wpcf7-response-output\" aria-hidden=\"true\"><\/div>\n<input type=\"hidden\" name=\"trp-form-language\" value=\"en\"\/><\/form>\n<\/div>\n<\/div>\n\t\t\t\t\t\t<\/div>\n\t\t\t\t<\/div>\n\t\t\t\t<\/div>\n\t\t\t\t\t<\/div>\n\t\t\t\t<\/div>\n\t\t\t\t<\/div>","protected":false},"excerpt":{"rendered":"<p>Monitoring Nuotr. Aneta Urbonait\u0117 Collecting data on nightlife and the economy is essential to understanding the impact of this sector on cities and their communities. Nightlife generates significant revenue, creates [&hellip;]<\/p>\n","protected":false},"author":1,"featured_media":0,"parent":0,"menu_order":0,"comment_status":"closed","ping_status":"closed","template":"","meta":{"site-sidebar-layout":"no-sidebar","site-content-layout":"","ast-site-content-layout":"full-width-container","site-content-style":"default","site-sidebar-style":"default","ast-global-header-display":"","ast-banner-title-visibility":"","ast-main-header-display":"","ast-hfb-above-header-display":"","ast-hfb-below-header-display":"","ast-hfb-mobile-header-display":"","site-post-title":"disabled","ast-breadcrumbs-content":"","ast-featured-img":"disabled","footer-sml-layout":"","theme-transparent-header-meta":"","adv-header-id-meta":"","stick-header-meta":"","header-above-stick-meta":"","header-main-stick-meta":"","header-below-stick-meta":"","astra-migrate-meta-layouts":"default","ast-page-background-enabled":"default","ast-page-background-meta":{"desktop":{"background-color":"var(--ast-global-color-5)","background-image":"","background-repeat":"repeat","background-position":"center center","background-size":"auto","background-attachment":"scroll","background-type":"","background-media":"","overlay-type":"","overlay-color":"","overlay-opacity":"","overlay-gradient":""},"tablet":{"background-color":"","background-image":"","background-repeat":"repeat","background-position":"center center","background-size":"auto","background-attachment":"scroll","background-type":"","background-media":"","overlay-type":"","overlay-color":"","overlay-opacity":"","overlay-gradient":""},"mobile":{"background-color":"","background-image":"","background-repeat":"repeat","background-position":"center center","background-size":"auto","background-attachment":"scroll","background-type":"","background-media":"","overlay-type":"","overlay-color":"","overlay-opacity":"","overlay-gradient":""}},"ast-content-background-meta":{"desktop":{"background-color":"var(--ast-global-color-4)","background-image":"","background-repeat":"repeat","background-position":"center center","background-size":"auto","background-attachment":"scroll","background-type":"","background-media":"","overlay-type":"","overlay-color":"","overlay-opacity":"","overlay-gradient":""},"tablet":{"background-color":"var(--ast-global-color-4)","background-image":"","background-repeat":"repeat","background-position":"center center","background-size":"auto","background-attachment":"scroll","background-type":"","background-media":"","overlay-type":"","overlay-color":"","overlay-opacity":"","overlay-gradient":""},"mobile":{"background-color":"var(--ast-global-color-4)","background-image":"","background-repeat":"repeat","background-position":"center center","background-size":"auto","background-attachment":"scroll","background-type":"","background-media":"","overlay-type":"","overlay-color":"","overlay-opacity":"","overlay-gradient":""}},"footnotes":""},"class_list":["post-9982","page","type-page","status-publish","hentry"],"yoast_head":"<!-- This site is optimized with the Yoast SEO plugin v27.2 - https:\/\/yoast.com\/product\/yoast-seo-wordpress\/ -->\n<title>Naktinio gyvenimo steb\u0117sena: analiz\u0117 ir duomenys| VNB<\/title>\n<meta name=\"description\" content=\"Vilniaus naktinis biuras analizuoja naktin\u012f gyvenim\u0105, saugum\u0105 ir lankytoj\u0173 \u012fpro\u010dius \u2013 steb\u0117senos pagalba atliekama analiz\u0117 pagal surinktus duomenys.\" \/>\n<meta name=\"robots\" content=\"index, follow, max-snippet:-1, max-image-preview:large, max-video-preview:-1\" \/>\n<link rel=\"canonical\" href=\"https:\/\/vnb.lt\/en\/monitoring\/\" \/>\n<meta property=\"og:locale\" content=\"en_US\" \/>\n<meta property=\"og:type\" content=\"article\" \/>\n<meta property=\"og:title\" content=\"Naktinio gyvenimo steb\u0117sena: analiz\u0117 ir duomenys| VNB\" \/>\n<meta property=\"og:description\" content=\"Vilniaus naktinis biuras analizuoja naktin\u012f gyvenim\u0105, saugum\u0105 ir lankytoj\u0173 \u012fpro\u010dius \u2013 steb\u0117senos pagalba atliekama analiz\u0117 pagal surinktus duomenys.\" \/>\n<meta property=\"og:url\" content=\"https:\/\/vnb.lt\/en\/monitoring\/\" \/>\n<meta property=\"og:site_name\" content=\"VNB\" \/>\n<meta property=\"article:publisher\" content=\"https:\/\/www.facebook.com\/vilniausnaktinisbiuras\/\" \/>\n<meta property=\"article:modified_time\" content=\"2025-08-25T14:34:02+00:00\" \/>\n<meta name=\"twitter:card\" content=\"summary_large_image\" \/>\n<meta name=\"twitter:label1\" content=\"Est. reading time\" \/>\n\t<meta name=\"twitter:data1\" content=\"2 minutes\" \/>\n<script type=\"application\/ld+json\" class=\"yoast-schema-graph\">{\"@context\":\"https:\/\/schema.org\",\"@graph\":[{\"@type\":\"WebPage\",\"@id\":\"https:\/\/vnb.lt\/en\/monitoring\/\",\"url\":\"https:\/\/vnb.lt\/en\/monitoring\/\",\"name\":\"Naktinio gyvenimo steb\u0117sena: analiz\u0117 ir duomenys| VNB\",\"isPartOf\":{\"@id\":\"https:\/\/vnb.lt\/en\/#website\"},\"datePublished\":\"2025-07-19T08:34:54+00:00\",\"dateModified\":\"2025-08-25T14:34:02+00:00\",\"description\":\"Vilniaus naktinis biuras analizuoja naktin\u012f gyvenim\u0105, saugum\u0105 ir lankytoj\u0173 \u012fpro\u010dius \u2013 steb\u0117senos pagalba atliekama analiz\u0117 pagal surinktus duomenys.\",\"breadcrumb\":{\"@id\":\"https:\/\/vnb.lt\/en\/monitoring\/#breadcrumb\"},\"inLanguage\":\"en-US\",\"potentialAction\":[{\"@type\":\"ReadAction\",\"target\":[\"https:\/\/vnb.lt\/en\/monitoring\/\"]}]},{\"@type\":\"BreadcrumbList\",\"@id\":\"https:\/\/vnb.lt\/en\/monitoring\/#breadcrumb\",\"itemListElement\":[{\"@type\":\"ListItem\",\"position\":1,\"name\":\"Home\",\"item\":\"https:\/\/vnb.lt\/en\/\"},{\"@type\":\"ListItem\",\"position\":2,\"name\":\"Monitoring\"}]},{\"@type\":\"WebSite\",\"@id\":\"https:\/\/vnb.lt\/en\/#website\",\"url\":\"https:\/\/vnb.lt\/en\/\",\"name\":\"VNB\",\"description\":\"\",\"publisher\":{\"@id\":\"https:\/\/vnb.lt\/en\/#organization\"},\"potentialAction\":[{\"@type\":\"SearchAction\",\"target\":{\"@type\":\"EntryPoint\",\"urlTemplate\":\"https:\/\/vnb.lt\/en\/?s={search_term_string}\"},\"query-input\":{\"@type\":\"PropertyValueSpecification\",\"valueRequired\":true,\"valueName\":\"search_term_string\"}}],\"inLanguage\":\"en-US\"},{\"@type\":\"Organization\",\"@id\":\"https:\/\/vnb.lt\/en\/#organization\",\"name\":\"VNB\",\"url\":\"https:\/\/vnb.lt\/en\/\",\"logo\":{\"@type\":\"ImageObject\",\"inLanguage\":\"en-US\",\"@id\":\"https:\/\/vnb.lt\/en\/#\/schema\/logo\/image\/\",\"url\":\"https:\/\/vnb.lt\/wp-content\/uploads\/2025\/04\/OBJECTS.png\",\"contentUrl\":\"https:\/\/vnb.lt\/wp-content\/uploads\/2025\/04\/OBJECTS.png\",\"width\":237,\"height\":244,\"caption\":\"VNB\"},\"image\":{\"@id\":\"https:\/\/vnb.lt\/en\/#\/schema\/logo\/image\/\"},\"sameAs\":[\"https:\/\/www.facebook.com\/vilniausnaktinisbiuras\/\"]}]}<\/script>\n<!-- \/ Yoast SEO plugin. -->","yoast_head_json":{"title":"Naktinio gyvenimo steb\u0117sena: analiz\u0117 ir duomenys| VNB","description":"Vilniaus naktinis biuras analizuoja naktin\u012f gyvenim\u0105, saugum\u0105 ir lankytoj\u0173 \u012fpro\u010dius \u2013 steb\u0117senos pagalba atliekama analiz\u0117 pagal surinktus duomenys.","robots":{"index":"index","follow":"follow","max-snippet":"max-snippet:-1","max-image-preview":"max-image-preview:large","max-video-preview":"max-video-preview:-1"},"canonical":"https:\/\/vnb.lt\/en\/monitoring\/","og_locale":"en_US","og_type":"article","og_title":"Naktinio gyvenimo steb\u0117sena: analiz\u0117 ir duomenys| VNB","og_description":"Vilniaus naktinis biuras analizuoja naktin\u012f gyvenim\u0105, saugum\u0105 ir lankytoj\u0173 \u012fpro\u010dius \u2013 steb\u0117senos pagalba atliekama analiz\u0117 pagal surinktus duomenys.","og_url":"https:\/\/vnb.lt\/en\/monitoring\/","og_site_name":"VNB","article_publisher":"https:\/\/www.facebook.com\/vilniausnaktinisbiuras\/","article_modified_time":"2025-08-25T14:34:02+00:00","twitter_card":"summary_large_image","twitter_misc":{"Est. reading time":"2 minutes"},"schema":{"@context":"https:\/\/schema.org","@graph":[{"@type":"WebPage","@id":"https:\/\/vnb.lt\/en\/monitoring\/","url":"https:\/\/vnb.lt\/en\/monitoring\/","name":"Naktinio gyvenimo steb\u0117sena: analiz\u0117 ir duomenys| VNB","isPartOf":{"@id":"https:\/\/vnb.lt\/en\/#website"},"datePublished":"2025-07-19T08:34:54+00:00","dateModified":"2025-08-25T14:34:02+00:00","description":"Vilniaus naktinis biuras analizuoja naktin\u012f gyvenim\u0105, saugum\u0105 ir lankytoj\u0173 \u012fpro\u010dius \u2013 steb\u0117senos pagalba atliekama analiz\u0117 pagal surinktus duomenys.","breadcrumb":{"@id":"https:\/\/vnb.lt\/en\/monitoring\/#breadcrumb"},"inLanguage":"en-US","potentialAction":[{"@type":"ReadAction","target":["https:\/\/vnb.lt\/en\/monitoring\/"]}]},{"@type":"BreadcrumbList","@id":"https:\/\/vnb.lt\/en\/monitoring\/#breadcrumb","itemListElement":[{"@type":"ListItem","position":1,"name":"Home","item":"https:\/\/vnb.lt\/en\/"},{"@type":"ListItem","position":2,"name":"Monitoring"}]},{"@type":"WebSite","@id":"https:\/\/vnb.lt\/en\/#website","url":"https:\/\/vnb.lt\/en\/","name":"VNB","description":"","publisher":{"@id":"https:\/\/vnb.lt\/en\/#organization"},"potentialAction":[{"@type":"SearchAction","target":{"@type":"EntryPoint","urlTemplate":"https:\/\/vnb.lt\/en\/?s={search_term_string}"},"query-input":{"@type":"PropertyValueSpecification","valueRequired":true,"valueName":"search_term_string"}}],"inLanguage":"en-US"},{"@type":"Organization","@id":"https:\/\/vnb.lt\/en\/#organization","name":"VNB","url":"https:\/\/vnb.lt\/en\/","logo":{"@type":"ImageObject","inLanguage":"en-US","@id":"https:\/\/vnb.lt\/en\/#\/schema\/logo\/image\/","url":"https:\/\/vnb.lt\/wp-content\/uploads\/2025\/04\/OBJECTS.png","contentUrl":"https:\/\/vnb.lt\/wp-content\/uploads\/2025\/04\/OBJECTS.png","width":237,"height":244,"caption":"VNB"},"image":{"@id":"https:\/\/vnb.lt\/en\/#\/schema\/logo\/image\/"},"sameAs":["https:\/\/www.facebook.com\/vilniausnaktinisbiuras\/"]}]}},"_links":{"self":[{"href":"https:\/\/vnb.lt\/en\/wp-json\/wp\/v2\/pages\/9982","targetHints":{"allow":["GET"]}}],"collection":[{"href":"https:\/\/vnb.lt\/en\/wp-json\/wp\/v2\/pages"}],"about":[{"href":"https:\/\/vnb.lt\/en\/wp-json\/wp\/v2\/types\/page"}],"author":[{"embeddable":true,"href":"https:\/\/vnb.lt\/en\/wp-json\/wp\/v2\/users\/1"}],"replies":[{"embeddable":true,"href":"https:\/\/vnb.lt\/en\/wp-json\/wp\/v2\/comments?post=9982"}],"version-history":[{"count":10,"href":"https:\/\/vnb.lt\/en\/wp-json\/wp\/v2\/pages\/9982\/revisions"}],"predecessor-version":[{"id":11415,"href":"https:\/\/vnb.lt\/en\/wp-json\/wp\/v2\/pages\/9982\/revisions\/11415"}],"wp:attachment":[{"href":"https:\/\/vnb.lt\/en\/wp-json\/wp\/v2\/media?parent=9982"}],"curies":[{"name":"wp","href":"https:\/\/api.w.org\/{rel}","templated":true}]}}