{"id":10224,"date":"2025-07-21T17:45:50","date_gmt":"2025-07-21T14:45:50","guid":{"rendered":"https:\/\/vnb.lt\/?page_id=10224"},"modified":"2026-04-02T14:14:25","modified_gmt":"2026-04-02T11:14:25","slug":"contacts","status":"publish","type":"page","link":"https:\/\/vnb.lt\/en\/contacts\/","title":{"rendered":"Contacts"},"content":{"rendered":"<div data-elementor-type=\"wp-page\" data-elementor-id=\"10224\" class=\"elementor elementor-10224\">\n\t\t\t\t<div class=\"elementor-element elementor-element-9d3f2cb e-flex e-con-boxed e-con e-parent\" data-id=\"9d3f2cb\" data-element_type=\"container\" data-e-type=\"container\">\n\t\t\t\t\t<div class=\"e-con-inner\">\n\t\t\t\t<div class=\"elementor-element elementor-element-ee444b1 elementor-widget elementor-widget-page_title_widget\" data-id=\"ee444b1\" data-element_type=\"widget\" data-e-type=\"widget\" data-widget_type=\"page_title_widget.default\">\n\t\t\t\t<div class=\"elementor-widget-container\">\n\t\t\t\t\t<h1 class=\"page-title-widget\">Contacts<\/h1>\t\t\t\t<\/div>\n\t\t\t\t<\/div>\n\t\t\t\t\t<\/div>\n\t\t\t\t<\/div>\n\t\t<div class=\"elementor-element elementor-element-69b55f4 e-flex e-con-boxed e-con e-parent\" data-id=\"69b55f4\" data-element_type=\"container\" data-e-type=\"container\">\n\t\t\t\t\t<div class=\"e-con-inner\">\n\t\t<div class=\"elementor-element elementor-element-7df4b0f e-con-full e-flex e-con e-child\" data-id=\"7df4b0f\" data-element_type=\"container\" data-e-type=\"container\">\n\t\t\t\t<div class=\"elementor-element elementor-element-b86949d elementor-widget elementor-widget-heading\" data-id=\"b86949d\" data-element_type=\"widget\" data-e-type=\"widget\" data-widget_type=\"heading.default\">\n\t\t\t\t<div class=\"elementor-widget-container\">\n\t\t\t\t\t<h5 class=\"elementor-heading-title elementor-size-default\">General contacts<\/h5>\t\t\t\t<\/div>\n\t\t\t\t<\/div>\n\t\t<div class=\"elementor-element elementor-element-4c89f94 e-con-full e-flex e-con e-child\" data-id=\"4c89f94\" data-element_type=\"container\" data-e-type=\"container\">\n\t\t\t\t<div class=\"elementor-element elementor-element-b9e5ba2 elementor-position-inline-start elementor-mobile-position-inline-start elementor-view-default elementor-widget elementor-widget-icon-box\" data-id=\"b9e5ba2\" data-element_type=\"widget\" data-e-type=\"widget\" data-widget_type=\"icon-box.default\">\n\t\t\t\t<div class=\"elementor-widget-container\">\n\t\t\t\t\t\t\t<div class=\"elementor-icon-box-wrapper\">\n\n\t\t\t\t\t\t<div class=\"elementor-icon-box-icon\">\n\t\t\t\t<span  class=\"elementor-icon\">\n\t\t\t\t<svg xmlns=\"http:\/\/www.w3.org\/2000\/svg\" width=\"22\" height=\"22\" viewbox=\"0 0 22 22\" fill=\"none\"><path d=\"M1.02716 11.4224C1.38716 16.5724 5.75716 20.7624 10.9872 20.9924C14.6772 21.1524 17.9772 19.4324 19.9572 16.7224C20.7772 15.6124 20.3372 14.8724 18.9672 15.1224C18.2972 15.2424 17.6072 15.2924 16.8872 15.2624C11.9972 15.0624 7.99716 10.9724 7.97716 6.1424C7.96716 4.8424 8.23716 3.6124 8.72716 2.4924C9.26716 1.2524 8.61716 0.662403 7.36716 1.1924C3.40716 2.8624 0.69716 6.8524 1.02716 11.4224Z\" stroke=\"white\" stroke-width=\"1.5\" stroke-linecap=\"round\" stroke-linejoin=\"round\"><\/path><\/svg>\t\t\t\t<\/span>\n\t\t\t<\/div>\n\t\t\t\n\t\t\t\t\t\t<div class=\"elementor-icon-box-content\">\n\n\t\t\t\t\n\t\t\t\t\t\t\t\t\t<p class=\"elementor-icon-box-description\">\n\t\t\t\t\t\tinfo@vnb.lt V\u0161\u012e Vilniaus naktinis biuras \t\t\t\t\t<\/p>\n\t\t\t\t\n\t\t\t<\/div>\n\t\t\t\n\t\t<\/div>\n\t\t\t\t\t\t<\/div>\n\t\t\t\t<\/div>\n\t\t\t\t<div class=\"elementor-element elementor-element-5baa642 elementor-position-inline-start elementor-mobile-position-inline-start elementor-view-default elementor-widget elementor-widget-icon-box\" data-id=\"5baa642\" data-element_type=\"widget\" data-e-type=\"widget\" data-widget_type=\"icon-box.default\">\n\t\t\t\t<div class=\"elementor-widget-container\">\n\t\t\t\t\t\t\t<div class=\"elementor-icon-box-wrapper\">\n\n\t\t\t\t\t\t<div class=\"elementor-icon-box-icon\">\n\t\t\t\t<span  class=\"elementor-icon\">\n\t\t\t\t<svg xmlns=\"http:\/\/www.w3.org\/2000\/svg\" width=\"22\" height=\"22\" viewbox=\"0 0 22 22\" fill=\"none\"><path d=\"M1.02716 11.4224C1.38716 16.5724 5.75716 20.7624 10.9872 20.9924C14.6772 21.1524 17.9772 19.4324 19.9572 16.7224C20.7772 15.6124 20.3372 14.8724 18.9672 15.1224C18.2972 15.2424 17.6072 15.2924 16.8872 15.2624C11.9972 15.0624 7.99716 10.9724 7.97716 6.1424C7.96716 4.8424 8.23716 3.6124 8.72716 2.4924C9.26716 1.2524 8.61716 0.662403 7.36716 1.1924C3.40716 2.8624 0.69716 6.8524 1.02716 11.4224Z\" stroke=\"white\" stroke-width=\"1.5\" stroke-linecap=\"round\" stroke-linejoin=\"round\"><\/path><\/svg>\t\t\t\t<\/span>\n\t\t\t<\/div>\n\t\t\t\n\t\t\t\t\t\t<div class=\"elementor-icon-box-content\">\n\n\t\t\t\t\n\t\t\t\t\t\t\t\t\t<p class=\"elementor-icon-box-description\">\n\t\t\t\t\t\tVilniaus g. 22-3, Vilnius LT-01402 \u012f. k. 306350882\t\t\t\t\t<\/p>\n\t\t\t\t\n\t\t\t<\/div>\n\t\t\t\n\t\t<\/div>\n\t\t\t\t\t\t<\/div>\n\t\t\t\t<\/div>\n\t\t\t\t<\/div>\n\t\t\t\t<\/div>\n\t\t<div class=\"elementor-element elementor-element-fe09c5b e-con-full e-flex e-con e-child\" data-id=\"fe09c5b\" data-element_type=\"container\" data-e-type=\"container\">\n\t\t\t\t<div class=\"elementor-element elementor-element-f5f3e69 elementor-widget elementor-widget-heading\" data-id=\"f5f3e69\" data-element_type=\"widget\" data-e-type=\"widget\" data-widget_type=\"heading.default\">\n\t\t\t\t<div class=\"elementor-widget-container\">\n\t\t\t\t\t<h5 class=\"elementor-heading-title elementor-size-default\">Employee contacts<\/h5>\t\t\t\t<\/div>\n\t\t\t\t<\/div>\n\t\t<div class=\"elementor-element elementor-element-c168499 e-con-full e-flex e-con e-child\" data-id=\"c168499\" data-element_type=\"container\" data-e-type=\"container\">\n\t\t\t\t<div class=\"elementor-element elementor-element-d0a283c elementor-position-inline-start elementor-mobile-position-inline-start elementor-view-default elementor-widget elementor-widget-icon-box\" data-id=\"d0a283c\" data-element_type=\"widget\" data-e-type=\"widget\" data-widget_type=\"icon-box.default\">\n\t\t\t\t<div class=\"elementor-widget-container\">\n\t\t\t\t\t\t\t<div class=\"elementor-icon-box-wrapper\">\n\n\t\t\t\t\t\t<div class=\"elementor-icon-box-icon\">\n\t\t\t\t<span  class=\"elementor-icon\">\n\t\t\t\t<svg xmlns=\"http:\/\/www.w3.org\/2000\/svg\" width=\"22\" height=\"22\" viewbox=\"0 0 22 22\" fill=\"none\"><path d=\"M1.02716 11.4224C1.38716 16.5724 5.75716 20.7624 10.9872 20.9924C14.6772 21.1524 17.9772 19.4324 19.9572 16.7224C20.7772 15.6124 20.3372 14.8724 18.9672 15.1224C18.2972 15.2424 17.6072 15.2924 16.8872 15.2624C11.9972 15.0624 7.99716 10.9724 7.97716 6.1424C7.96716 4.8424 8.23716 3.6124 8.72716 2.4924C9.26716 1.2524 8.61716 0.662403 7.36716 1.1924C3.40716 2.8624 0.69716 6.8524 1.02716 11.4224Z\" stroke=\"white\" stroke-width=\"1.5\" stroke-linecap=\"round\" stroke-linejoin=\"round\"><\/path><\/svg>\t\t\t\t<\/span>\n\t\t\t<\/div>\n\t\t\t\n\t\t\t\t\t\t<div class=\"elementor-icon-box-content\">\n\n\t\t\t\t\n\t\t\t\t\t\t\t\t\t<p class=\"elementor-icon-box-description\">\n\t\t\t\t\t\tDirector: Laura Vai\u0161nor\u0117, laura@vnb.lt\t\t\t\t\t<\/p>\n\t\t\t\t\n\t\t\t<\/div>\n\t\t\t\n\t\t<\/div>\n\t\t\t\t\t\t<\/div>\n\t\t\t\t<\/div>\n\t\t\t\t<div class=\"elementor-element elementor-element-289eed3 elementor-position-inline-start elementor-mobile-position-inline-start elementor-view-default elementor-widget elementor-widget-icon-box\" data-id=\"289eed3\" data-element_type=\"widget\" data-e-type=\"widget\" data-widget_type=\"icon-box.default\">\n\t\t\t\t<div class=\"elementor-widget-container\">\n\t\t\t\t\t\t\t<div class=\"elementor-icon-box-wrapper\">\n\n\t\t\t\t\t\t<div class=\"elementor-icon-box-icon\">\n\t\t\t\t<span  class=\"elementor-icon\">\n\t\t\t\t<svg xmlns=\"http:\/\/www.w3.org\/2000\/svg\" width=\"22\" height=\"22\" viewbox=\"0 0 22 22\" fill=\"none\"><path d=\"M1.02716 11.4224C1.38716 16.5724 5.75716 20.7624 10.9872 20.9924C14.6772 21.1524 17.9772 19.4324 19.9572 16.7224C20.7772 15.6124 20.3372 14.8724 18.9672 15.1224C18.2972 15.2424 17.6072 15.2924 16.8872 15.2624C11.9972 15.0624 7.99716 10.9724 7.97716 6.1424C7.96716 4.8424 8.23716 3.6124 8.72716 2.4924C9.26716 1.2524 8.61716 0.662403 7.36716 1.1924C3.40716 2.8624 0.69716 6.8524 1.02716 11.4224Z\" stroke=\"white\" stroke-width=\"1.5\" stroke-linecap=\"round\" stroke-linejoin=\"round\"><\/path><\/svg>\t\t\t\t<\/span>\n\t\t\t<\/div>\n\t\t\t\n\t\t\t\t\t\t<div class=\"elementor-icon-box-content\">\n\n\t\t\t\t\n\t\t\t\t\t\t\t\t\t<p class=\"elementor-icon-box-description\">\n\t\t\t\t\t\tCoordinator: Martyna Sanikova, martyna@vnb.lt\t\t\t\t\t<\/p>\n\t\t\t\t\n\t\t\t<\/div>\n\t\t\t\n\t\t<\/div>\n\t\t\t\t\t\t<\/div>\n\t\t\t\t<\/div>\n\t\t\t\t<div class=\"elementor-element elementor-element-651d0fe elementor-position-inline-start elementor-mobile-position-inline-start elementor-view-default elementor-widget elementor-widget-icon-box\" data-id=\"651d0fe\" data-element_type=\"widget\" data-e-type=\"widget\" data-widget_type=\"icon-box.default\">\n\t\t\t\t<div class=\"elementor-widget-container\">\n\t\t\t\t\t\t\t<div class=\"elementor-icon-box-wrapper\">\n\n\t\t\t\t\t\t<div class=\"elementor-icon-box-icon\">\n\t\t\t\t<span  class=\"elementor-icon\">\n\t\t\t\t<svg xmlns=\"http:\/\/www.w3.org\/2000\/svg\" width=\"22\" height=\"22\" viewbox=\"0 0 22 22\" fill=\"none\"><path d=\"M1.02716 11.4224C1.38716 16.5724 5.75716 20.7624 10.9872 20.9924C14.6772 21.1524 17.9772 19.4324 19.9572 16.7224C20.7772 15.6124 20.3372 14.8724 18.9672 15.1224C18.2972 15.2424 17.6072 15.2924 16.8872 15.2624C11.9972 15.0624 7.99716 10.9724 7.97716 6.1424C7.96716 4.8424 8.23716 3.6124 8.72716 2.4924C9.26716 1.2524 8.61716 0.662403 7.36716 1.1924C3.40716 2.8624 0.69716 6.8524 1.02716 11.4224Z\" stroke=\"white\" stroke-width=\"1.5\" stroke-linecap=\"round\" stroke-linejoin=\"round\"><\/path><\/svg>\t\t\t\t<\/span>\n\t\t\t<\/div>\n\t\t\t\n\t\t\t\t\t\t<div class=\"elementor-icon-box-content\">\n\n\t\t\t\t\n\t\t\t\t\t\t\t\t\t<p class=\"elementor-icon-box-description\">\n\t\t\t\t\t\tProject manager: Emilija Gaidyt\u0117, emilija@vnb.lt\t\t\t\t\t<\/p>\n\t\t\t\t\n\t\t\t<\/div>\n\t\t\t\n\t\t<\/div>\n\t\t\t\t\t\t<\/div>\n\t\t\t\t<\/div>\n\t\t\t\t<div class=\"elementor-element elementor-element-0b61a83 elementor-position-inline-start elementor-mobile-position-inline-start elementor-view-default elementor-widget elementor-widget-icon-box\" data-id=\"0b61a83\" data-element_type=\"widget\" data-e-type=\"widget\" data-widget_type=\"icon-box.default\">\n\t\t\t\t<div class=\"elementor-widget-container\">\n\t\t\t\t\t\t\t<div class=\"elementor-icon-box-wrapper\">\n\n\t\t\t\t\t\t<div class=\"elementor-icon-box-icon\">\n\t\t\t\t<span  class=\"elementor-icon\">\n\t\t\t\t<svg xmlns=\"http:\/\/www.w3.org\/2000\/svg\" width=\"22\" height=\"22\" viewbox=\"0 0 22 22\" fill=\"none\"><path d=\"M1.02716 11.4224C1.38716 16.5724 5.75716 20.7624 10.9872 20.9924C14.6772 21.1524 17.9772 19.4324 19.9572 16.7224C20.7772 15.6124 20.3372 14.8724 18.9672 15.1224C18.2972 15.2424 17.6072 15.2924 16.8872 15.2624C11.9972 15.0624 7.99716 10.9724 7.97716 6.1424C7.96716 4.8424 8.23716 3.6124 8.72716 2.4924C9.26716 1.2524 8.61716 0.662403 7.36716 1.1924C3.40716 2.8624 0.69716 6.8524 1.02716 11.4224Z\" stroke=\"white\" stroke-width=\"1.5\" stroke-linecap=\"round\" stroke-linejoin=\"round\"><\/path><\/svg>\t\t\t\t<\/span>\n\t\t\t<\/div>\n\t\t\t\n\t\t\t\t\t\t<div class=\"elementor-icon-box-content\">\n\n\t\t\t\t\n\t\t\t\t\t\t\t\t\t<p class=\"elementor-icon-box-description\">\n\t\t\t\t\t\tProject manager: Gabija Liaugminait\u0117, gabija@vnb.lt\t\t\t\t\t<\/p>\n\t\t\t\t\n\t\t\t<\/div>\n\t\t\t\n\t\t<\/div>\n\t\t\t\t\t\t<\/div>\n\t\t\t\t<\/div>\n\t\t\t\t<div class=\"elementor-element elementor-element-518f3e7 elementor-position-inline-start elementor-mobile-position-inline-start elementor-view-default elementor-widget elementor-widget-icon-box\" data-id=\"518f3e7\" data-element_type=\"widget\" data-e-type=\"widget\" data-widget_type=\"icon-box.default\">\n\t\t\t\t<div class=\"elementor-widget-container\">\n\t\t\t\t\t\t\t<div class=\"elementor-icon-box-wrapper\">\n\n\t\t\t\t\t\t<div class=\"elementor-icon-box-icon\">\n\t\t\t\t<span  class=\"elementor-icon\">\n\t\t\t\t<svg xmlns=\"http:\/\/www.w3.org\/2000\/svg\" width=\"22\" height=\"22\" viewbox=\"0 0 22 22\" fill=\"none\"><path d=\"M1.02716 11.4224C1.38716 16.5724 5.75716 20.7624 10.9872 20.9924C14.6772 21.1524 17.9772 19.4324 19.9572 16.7224C20.7772 15.6124 20.3372 14.8724 18.9672 15.1224C18.2972 15.2424 17.6072 15.2924 16.8872 15.2624C11.9972 15.0624 7.99716 10.9724 7.97716 6.1424C7.96716 4.8424 8.23716 3.6124 8.72716 2.4924C9.26716 1.2524 8.61716 0.662403 7.36716 1.1924C3.40716 2.8624 0.69716 6.8524 1.02716 11.4224Z\" stroke=\"white\" stroke-width=\"1.5\" stroke-linecap=\"round\" stroke-linejoin=\"round\"><\/path><\/svg>\t\t\t\t<\/span>\n\t\t\t<\/div>\n\t\t\t\n\t\t\t\t\t\t<div class=\"elementor-icon-box-content\">\n\n\t\t\t\t\n\t\t\t\t\t\t\t\t\t<p class=\"elementor-icon-box-description\">\n\t\t\t\t\t\tProject manager: Tomas Vilni\u0161kis, tomas@vnb.lt\t\t\t\t\t<\/p>\n\t\t\t\t\n\t\t\t<\/div>\n\t\t\t\n\t\t<\/div>\n\t\t\t\t\t\t<\/div>\n\t\t\t\t<\/div>\n\t\t\t\t<\/div>\n\t\t\t\t<\/div>\n\t\t<div class=\"elementor-element elementor-element-c5defb1 e-con-full e-flex e-con e-child\" data-id=\"c5defb1\" data-element_type=\"container\" data-e-type=\"container\">\n\t\t\t\t<div class=\"elementor-element elementor-element-63246c6 elementor-widget elementor-widget-heading\" data-id=\"63246c6\" data-element_type=\"widget\" data-e-type=\"widget\" data-widget_type=\"heading.default\">\n\t\t\t\t<div class=\"elementor-widget-container\">\n\t\t\t\t\t<h5 class=\"elementor-heading-title elementor-size-default\">Board<\/h5>\t\t\t\t<\/div>\n\t\t\t\t<\/div>\n\t\t<div class=\"elementor-element elementor-element-a9ef195 e-con-full e-flex e-con e-child\" data-id=\"a9ef195\" data-element_type=\"container\" data-e-type=\"container\">\n\t\t\t\t<div class=\"elementor-element elementor-element-606b668 elementor-position-inline-start elementor-mobile-position-inline-start elementor-view-default elementor-widget elementor-widget-icon-box\" data-id=\"606b668\" data-element_type=\"widget\" data-e-type=\"widget\" data-widget_type=\"icon-box.default\">\n\t\t\t\t<div class=\"elementor-widget-container\">\n\t\t\t\t\t\t\t<div class=\"elementor-icon-box-wrapper\">\n\n\t\t\t\t\t\t<div class=\"elementor-icon-box-icon\">\n\t\t\t\t<span  class=\"elementor-icon\">\n\t\t\t\t<svg xmlns=\"http:\/\/www.w3.org\/2000\/svg\" width=\"22\" height=\"22\" viewbox=\"0 0 22 22\" fill=\"none\"><path d=\"M1.02716 11.4224C1.38716 16.5724 5.75716 20.7624 10.9872 20.9924C14.6772 21.1524 17.9772 19.4324 19.9572 16.7224C20.7772 15.6124 20.3372 14.8724 18.9672 15.1224C18.2972 15.2424 17.6072 15.2924 16.8872 15.2624C11.9972 15.0624 7.99716 10.9724 7.97716 6.1424C7.96716 4.8424 8.23716 3.6124 8.72716 2.4924C9.26716 1.2524 8.61716 0.662403 7.36716 1.1924C3.40716 2.8624 0.69716 6.8524 1.02716 11.4224Z\" stroke=\"white\" stroke-width=\"1.5\" stroke-linecap=\"round\" stroke-linejoin=\"round\"><\/path><\/svg>\t\t\t\t<\/span>\n\t\t\t<\/div>\n\t\t\t\n\t\t\t\t\t\t<div class=\"elementor-icon-box-content\">\n\n\t\t\t\t\n\t\t\t\t\t\t\t\t\t<p class=\"elementor-icon-box-description\">\n\t\t\t\t\t\tChairperson: Arijus \u017dakas, valdyba@vnb.lt\t\t\t\t\t<\/p>\n\t\t\t\t\n\t\t\t<\/div>\n\t\t\t\n\t\t<\/div>\n\t\t\t\t\t\t<\/div>\n\t\t\t\t<\/div>\n\t\t\t\t<div class=\"elementor-element elementor-element-59c0ed6 elementor-position-inline-start elementor-mobile-position-inline-start elementor-view-default elementor-widget elementor-widget-icon-box\" data-id=\"59c0ed6\" data-element_type=\"widget\" data-e-type=\"widget\" data-widget_type=\"icon-box.default\">\n\t\t\t\t<div class=\"elementor-widget-container\">\n\t\t\t\t\t\t\t<div class=\"elementor-icon-box-wrapper\">\n\n\t\t\t\t\t\t<div class=\"elementor-icon-box-icon\">\n\t\t\t\t<span  class=\"elementor-icon\">\n\t\t\t\t<svg xmlns=\"http:\/\/www.w3.org\/2000\/svg\" width=\"22\" height=\"22\" viewbox=\"0 0 22 22\" fill=\"none\"><path d=\"M1.02716 11.4224C1.38716 16.5724 5.75716 20.7624 10.9872 20.9924C14.6772 21.1524 17.9772 19.4324 19.9572 16.7224C20.7772 15.6124 20.3372 14.8724 18.9672 15.1224C18.2972 15.2424 17.6072 15.2924 16.8872 15.2624C11.9972 15.0624 7.99716 10.9724 7.97716 6.1424C7.96716 4.8424 8.23716 3.6124 8.72716 2.4924C9.26716 1.2524 8.61716 0.662403 7.36716 1.1924C3.40716 2.8624 0.69716 6.8524 1.02716 11.4224Z\" stroke=\"white\" stroke-width=\"1.5\" stroke-linecap=\"round\" stroke-linejoin=\"round\"><\/path><\/svg>\t\t\t\t<\/span>\n\t\t\t<\/div>\n\t\t\t\n\t\t\t\t\t\t<div class=\"elementor-icon-box-content\">\n\n\t\t\t\t\n\t\t\t\t\t\t\t\t\t<p class=\"elementor-icon-box-description\">\n\t\t\t\t\t\tMember: Dominyka Kievinait\u0117, valdyba@vnb.lt\t\t\t\t\t<\/p>\n\t\t\t\t\n\t\t\t<\/div>\n\t\t\t\n\t\t<\/div>\n\t\t\t\t\t\t<\/div>\n\t\t\t\t<\/div>\n\t\t\t\t<div class=\"elementor-element elementor-element-beed697 elementor-position-inline-start elementor-mobile-position-inline-start elementor-view-default elementor-widget elementor-widget-icon-box\" data-id=\"beed697\" data-element_type=\"widget\" data-e-type=\"widget\" data-widget_type=\"icon-box.default\">\n\t\t\t\t<div class=\"elementor-widget-container\">\n\t\t\t\t\t\t\t<div class=\"elementor-icon-box-wrapper\">\n\n\t\t\t\t\t\t<div class=\"elementor-icon-box-icon\">\n\t\t\t\t<span  class=\"elementor-icon\">\n\t\t\t\t<svg xmlns=\"http:\/\/www.w3.org\/2000\/svg\" width=\"22\" height=\"22\" viewbox=\"0 0 22 22\" fill=\"none\"><path d=\"M1.02716 11.4224C1.38716 16.5724 5.75716 20.7624 10.9872 20.9924C14.6772 21.1524 17.9772 19.4324 19.9572 16.7224C20.7772 15.6124 20.3372 14.8724 18.9672 15.1224C18.2972 15.2424 17.6072 15.2924 16.8872 15.2624C11.9972 15.0624 7.99716 10.9724 7.97716 6.1424C7.96716 4.8424 8.23716 3.6124 8.72716 2.4924C9.26716 1.2524 8.61716 0.662403 7.36716 1.1924C3.40716 2.8624 0.69716 6.8524 1.02716 11.4224Z\" stroke=\"white\" stroke-width=\"1.5\" stroke-linecap=\"round\" stroke-linejoin=\"round\"><\/path><\/svg>\t\t\t\t<\/span>\n\t\t\t<\/div>\n\t\t\t\n\t\t\t\t\t\t<div class=\"elementor-icon-box-content\">\n\n\t\t\t\t\n\t\t\t\t\t\t\t\t\t<p class=\"elementor-icon-box-description\">\n\t\t\t\t\t\tMember: Vidmantas \u010cepkauskas, valdyba@vnb.lt\t\t\t\t\t<\/p>\n\t\t\t\t\n\t\t\t<\/div>\n\t\t\t\n\t\t<\/div>\n\t\t\t\t\t\t<\/div>\n\t\t\t\t<\/div>\n\t\t\t\t<\/div>\n\t\t\t\t<\/div>\n\t\t\t\t\t<\/div>\n\t\t\t\t<\/div>\n\t\t\t\t<\/div>","protected":false},"excerpt":{"rendered":"<p>Contacts General contacts info@vnb.lt V\u0161\u012e Vilniaus naktinis biuras Vilniaus g. 22-3, Vilnius LT-01402 \u012f. k. 306350882 Employee contacts Director: Laura Vai\u0161nor\u0117, laura@vnb.lt Coordinator: Martyna Sanikova, martyna@vnb.lt Project manager: Emilija Gaidyt\u0117, [&hellip;]<\/p>\n","protected":false},"author":1,"featured_media":0,"parent":0,"menu_order":0,"comment_status":"closed","ping_status":"closed","template":"","meta":{"site-sidebar-layout":"no-sidebar","site-content-layout":"","ast-site-content-layout":"full-width-container","site-content-style":"default","site-sidebar-style":"default","ast-global-header-display":"","ast-banner-title-visibility":"","ast-main-header-display":"","ast-hfb-above-header-display":"","ast-hfb-below-header-display":"","ast-hfb-mobile-header-display":"","site-post-title":"disabled","ast-breadcrumbs-content":"","ast-featured-img":"disabled","footer-sml-layout":"","ast-disable-related-posts":"","theme-transparent-header-meta":"","adv-header-id-meta":"","stick-header-meta":"","header-above-stick-meta":"","header-main-stick-meta":"","header-below-stick-meta":"","astra-migrate-meta-layouts":"default","ast-page-background-enabled":"default","ast-page-background-meta":{"desktop":{"background-color":"var(--ast-global-color-5)","background-image":"","background-repeat":"repeat","background-position":"center center","background-size":"auto","background-attachment":"scroll","background-type":"","background-media":"","overlay-type":"","overlay-color":"","overlay-opacity":"","overlay-gradient":""},"tablet":{"background-color":"","background-image":"","background-repeat":"repeat","background-position":"center center","background-size":"auto","background-attachment":"scroll","background-type":"","background-media":"","overlay-type":"","overlay-color":"","overlay-opacity":"","overlay-gradient":""},"mobile":{"background-color":"","background-image":"","background-repeat":"repeat","background-position":"center center","background-size":"auto","background-attachment":"scroll","background-type":"","background-media":"","overlay-type":"","overlay-color":"","overlay-opacity":"","overlay-gradient":""}},"ast-content-background-meta":{"desktop":{"background-color":"var(--ast-global-color-4)","background-image":"","background-repeat":"repeat","background-position":"center center","background-size":"auto","background-attachment":"scroll","background-type":"","background-media":"","overlay-type":"","overlay-color":"","overlay-opacity":"","overlay-gradient":""},"tablet":{"background-color":"var(--ast-global-color-4)","background-image":"","background-repeat":"repeat","background-position":"center center","background-size":"auto","background-attachment":"scroll","background-type":"","background-media":"","overlay-type":"","overlay-color":"","overlay-opacity":"","overlay-gradient":""},"mobile":{"background-color":"var(--ast-global-color-4)","background-image":"","background-repeat":"repeat","background-position":"center center","background-size":"auto","background-attachment":"scroll","background-type":"","background-media":"","overlay-type":"","overlay-color":"","overlay-opacity":"","overlay-gradient":""}},"footnotes":""},"class_list":["post-10224","page","type-page","status-publish","hentry"],"_links":{"self":[{"href":"https:\/\/vnb.lt\/en\/wp-json\/wp\/v2\/pages\/10224","targetHints":{"allow":["GET"]}}],"collection":[{"href":"https:\/\/vnb.lt\/en\/wp-json\/wp\/v2\/pages"}],"about":[{"href":"https:\/\/vnb.lt\/en\/wp-json\/wp\/v2\/types\/page"}],"author":[{"embeddable":true,"href":"https:\/\/vnb.lt\/en\/wp-json\/wp\/v2\/users\/1"}],"replies":[{"embeddable":true,"href":"https:\/\/vnb.lt\/en\/wp-json\/wp\/v2\/comments?post=10224"}],"version-history":[{"count":13,"href":"https:\/\/vnb.lt\/en\/wp-json\/wp\/v2\/pages\/10224\/revisions"}],"predecessor-version":[{"id":37427,"href":"https:\/\/vnb.lt\/en\/wp-json\/wp\/v2\/pages\/10224\/revisions\/37427"}],"wp:attachment":[{"href":"https:\/\/vnb.lt\/en\/wp-json\/wp\/v2\/media?parent=10224"}],"curies":[{"name":"wp","href":"https:\/\/api.w.org\/{rel}","templated":true}]}}